{"id":6039,"date":"2025-09-12T19:24:15","date_gmt":"2025-09-12T19:24:15","guid":{"rendered":"https:\/\/stariatechnologies.com\/?page_id=6039"},"modified":"2025-10-23T21:07:32","modified_gmt":"2025-10-23T21:07:32","slug":"projects","status":"publish","type":"page","link":"https:\/\/stariatechnologies.com\/en\/projects\/","title":{"rendered":"Projects"},"content":{"rendered":"<div data-elementor-type=\"wp-page\" data-elementor-id=\"6039\" class=\"elementor elementor-6039\">\n\t\t\t\t<div class=\"elementor-element elementor-element-7cea514 kero2025 e-flex e-con-boxed wpr-particle-no wpr-jarallax-no wpr-parallax-no wpr-sticky-section-no e-con e-parent\" data-id=\"7cea514\" data-element_type=\"container\" data-settings=\"{&quot;background_background&quot;:&quot;classic&quot;}\">\n\t\t\t\t\t<div class=\"e-con-inner\">\n\t\t\t\t<div class=\"elementor-element elementor-element-4517466 elementor-widget elementor-widget-heading\" data-id=\"4517466\" data-element_type=\"widget\" data-widget_type=\"heading.default\">\n\t\t\t\t<div class=\"elementor-widget-container\">\n\t\t\t\t\t<h2 class=\"elementor-heading-title elementor-size-default\">Discover how Staria's smart solar lighting is transforming streets, campuses and communities around the world.<\/h2>\t\t\t\t<\/div>\n\t\t\t\t<\/div>\n\t\t\t\t<div class=\"elementor-element elementor-element-d98b11d elementor-widget elementor-widget-heading\" data-id=\"d98b11d\" data-element_type=\"widget\" data-widget_type=\"heading.default\">\n\t\t\t\t<div class=\"elementor-widget-container\">\n\t\t\t\t\t<h2 class=\"elementor-heading-title elementor-size-default\">ILLUMINATING THE FUTURE<\/h2>\t\t\t\t<\/div>\n\t\t\t\t<\/div>\n\t\t\t\t\t<\/div>\n\t\t\t\t<\/div>\n\t\t<div class=\"elementor-element elementor-element-ace01f4 e-flex e-con-boxed wpr-particle-no wpr-jarallax-no wpr-parallax-no wpr-sticky-section-no e-con e-parent\" data-id=\"ace01f4\" data-element_type=\"container\">\n\t\t\t\t\t<div class=\"e-con-inner\">\n\t\t\t\t<div class=\"elementor-element elementor-element-487ba17 elementor-widget elementor-widget-heading\" data-id=\"487ba17\" data-element_type=\"widget\" data-widget_type=\"heading.default\">\n\t\t\t\t<div class=\"elementor-widget-container\">\n\t\t\t\t\t<h2 class=\"elementor-heading-title elementor-size-default\">Our footprint in the world<\/h2>\t\t\t\t<\/div>\n\t\t\t\t<\/div>\n\t\t\t\t<div class=\"elementor-element elementor-element-13ae4fe elementor-widget elementor-widget-heading\" data-id=\"13ae4fe\" data-element_type=\"widget\" data-widget_type=\"heading.default\">\n\t\t\t\t<div class=\"elementor-widget-container\">\n\t\t\t\t\t<h2 class=\"elementor-heading-title elementor-size-default\">From campuses and highways to rural villages, our smart solar lighting solutions are creating safer, more sustainable communities around the world.<\/h2>\t\t\t\t<\/div>\n\t\t\t\t<\/div>\n\t\t\t\t<div class=\"elementor-element elementor-element-639a19a elementor-widget elementor-widget-ashley-blog-categories\" data-id=\"639a19a\" data-element_type=\"widget\" data-widget_type=\"ashley-blog-categories.default\">\n\t\t\t\t<div class=\"elementor-widget-container\">\n\t\t\t\t\t\t\t\n\t\t<div class=\"mil-adaptive-right mil-up\">\n\t\t\t<ul class=\"mil-category-list\">\n\t\t\t\t\t\t\t\t\t\t\t\t<li><a href=\"https:\/\/stariatechnologies.com\/en\/category\/europe\/\">Europe<\/a><\/li>\n\t\t\t\t\t\t\t\t<li><a href=\"https:\/\/stariatechnologies.com\/en\/category\/projects\/\">Projects<\/a><\/li>\n\t\t\t\t\t\t\t\t\t\t\t\t\t\t\t<\/ul>\n\t\t<\/div>\n\n\t\t\t\t\t\t<\/div>\n\t\t\t\t<\/div>\n\t\t\t\t\t<\/div>\n\t\t\t\t<\/div>\n\t\t<div class=\"elementor-element elementor-element-b230a5b kero2025 blog-grid e-flex e-con-boxed wpr-particle-no wpr-jarallax-no wpr-parallax-no wpr-sticky-section-no e-con e-parent\" data-id=\"b230a5b\" data-element_type=\"container\">\n\t\t\t\t\t<div class=\"e-con-inner\">\n\t\t\t\t<div class=\"elementor-element elementor-element-3150872 kero25 blog elementor-widget elementor-widget-ashley-blog-grid\" data-id=\"3150872\" data-element_type=\"widget\" data-widget_type=\"ashley-blog-grid.default\">\n\t\t\t\t<div class=\"elementor-widget-container\">\n\t\t\t\t\t\n\t\t\n\t\t<div class=\"row\">\n\t\t\t\n\n<div class=\"col-xl-4 col-lg-6\">\n\t<div id=\"post-6336\" class=\"post-6336 post type-post status-publish format-standard has-post-thumbnail hentry category-europa category-proyectos\">\n\t\t<!-- blog card -->\n\t\t\t\t<a href=\"https:\/\/stariatechnologies.com\/en\/cluster-of-isolated-communes-in-morocco-612-sats\/\" class=\"mil-blog-card mil-mb-60\">\n\t\t\t\t\t\t\t\t\t\t\t<div class=\"mil-cover-frame mil-up\">\n\t\t\t\t<img decoding=\"async\" src=\"https:\/\/stariatechnologies.com\/wp-content\/uploads\/2025\/09\/DSC_0802-no-noise-min-950x633.jpg\" alt=\"Residential areas in Morocco\" \/>\n\t\t\t<\/div>\n\t\t\t\t\t\t\t\t\t<div class=\"mil-post-descr\">\n\t\t\t\t<div class=\"mil-description\">\n\t\t\t\t\t<div class=\"mil-labels mil-up mil-mb-30\">\n\t\t\t\t\t\t\t\t\t\t\t\t\t\t\t\t\t\t<span class=\"mil-label mil-upper\">\n\t\t\t\t\t\t\t\t\t\t\t\t\tSeptember 25, 2025\t\t\t\t\t\t\t\t\t\t\t\t<\/span>\n\t\t\t\t\t\t\t\t\t\t\t<\/div>\n\t\t\t\t\t\t\t\t\t\t<h4 class=\"mil-up mil-mb-30\">\n\t\t\t\t\t\t\t\t\t\t\t\tResidential areas in Morocco\t\t\t\t\t\t\t\t\t\t\t<\/h4>\n\t\t\t\t\t\t\t\t\t\t<div class=\"mil-post-text mil-up\">\n\t\t\t\t\t\t<p>Residential areas in Morocco Results that matter INSTALLED WITH THE INFINITY MODEL 612 luminaires installed... <span class=\"mil-el-more\"><span class=\"mil-link mil-dark mil-arrow-place mil-up\"><span>Read more<\/span><\/span><\/span><\/p>\n\t\t\t\t\t<\/div>\n\t\t\t\t<\/div>\n\t\t\t<\/div>\n\t\t\t\t<\/a>\n\t\t\t\t<!-- blog card end -->\n\t<\/div>\n<\/div>\n\n<div class=\"col-xl-4 col-lg-6\">\n\t<div id=\"post-6330\" class=\"post-6330 post type-post status-publish format-standard has-post-thumbnail hentry category-europa category-proyectos\">\n\t\t<!-- blog card -->\n\t\t\t\t<a href=\"https:\/\/stariatechnologies.com\/en\/conglomerate-of-remote-areas-in-the-basque-country\/\" class=\"mil-blog-card mil-mb-60\">\n\t\t\t\t\t\t\t\t\t\t\t<div class=\"mil-cover-frame mil-up\">\n\t\t\t\t<img decoding=\"async\" src=\"https:\/\/stariatechnologies.com\/wp-content\/uploads\/2025\/09\/Copy-of-DSC_0038-min-1-950x633.jpg\" alt=\"Conglomerate of remote areas in the Basque Country - Staria\" \/>\n\t\t\t<\/div>\n\t\t\t\t\t\t\t\t\t<div class=\"mil-post-descr\">\n\t\t\t\t<div class=\"mil-description\">\n\t\t\t\t\t<div class=\"mil-labels mil-up mil-mb-30\">\n\t\t\t\t\t\t\t\t\t\t\t\t\t\t\t\t\t\t<span class=\"mil-label mil-upper\">\n\t\t\t\t\t\t\t\t\t\t\t\t\tSeptember 25, 2025\t\t\t\t\t\t\t\t\t\t\t\t<\/span>\n\t\t\t\t\t\t\t\t\t\t\t<\/div>\n\t\t\t\t\t\t\t\t\t\t<h4 class=\"mil-up mil-mb-30\">\n\t\t\t\t\t\t\t\t\t\t\t\tConglomerate of remote areas in the Basque Country - Staria\t\t\t\t\t\t\t\t\t\t\t<\/h4>\n\t\t\t\t\t\t\t\t\t\t<div class=\"mil-post-text mil-up\">\n\t\t\t\t\t\t<p>Conglomerate of remote areas in the Basque Country Results that matter INSTALLED WITH THE MODEL... <span class=\"mil-el-more\"><span class=\"mil-link mil-dark mil-arrow-place mil-up\"><span>Read more<\/span><\/span><\/span><\/p>\n\t\t\t\t\t<\/div>\n\t\t\t\t<\/div>\n\t\t\t<\/div>\n\t\t\t\t<\/a>\n\t\t\t\t<!-- blog card end -->\n\t<\/div>\n<\/div>\n\n<div class=\"col-xl-4 col-lg-6\">\n\t<div id=\"post-6326\" class=\"post-6326 post type-post status-publish format-standard has-post-thumbnail hentry category-europa category-proyectos\">\n\t\t<!-- blog card -->\n\t\t\t\t<a href=\"https:\/\/stariatechnologies.com\/en\/castellano-de-moriscos-salamanca-31-solar-street-lamps\/\" class=\"mil-blog-card mil-mb-60\">\n\t\t\t\t\t\t\t\t\t\t\t<div class=\"mil-cover-frame mil-up\">\n\t\t\t\t<img decoding=\"async\" src=\"https:\/\/stariatechnologies.com\/wp-content\/uploads\/2025\/09\/Moriscos-3-e1763021748560-950x714.jpg\" alt=\"Castellano de moriscos, Salamanca\" \/>\n\t\t\t<\/div>\n\t\t\t\t\t\t\t\t\t<div class=\"mil-post-descr\">\n\t\t\t\t<div class=\"mil-description\">\n\t\t\t\t\t<div class=\"mil-labels mil-up mil-mb-30\">\n\t\t\t\t\t\t\t\t\t\t\t\t\t\t\t\t\t\t<span class=\"mil-label mil-upper\">\n\t\t\t\t\t\t\t\t\t\t\t\t\tSeptember 25, 2025\t\t\t\t\t\t\t\t\t\t\t\t<\/span>\n\t\t\t\t\t\t\t\t\t\t\t<\/div>\n\t\t\t\t\t\t\t\t\t\t<h4 class=\"mil-up mil-mb-30\">\n\t\t\t\t\t\t\t\t\t\t\t\tCastellano de moriscos, Salamanca\t\t\t\t\t\t\t\t\t\t\t<\/h4>\n\t\t\t\t\t\t\t\t\t\t<div class=\"mil-post-text mil-up\">\n\t\t\t\t\t\t<p>Castellano de moriscos, Salamanca Results that matter INSTALLED WITH THE SAT80 MODEL 31 luminaires installed... <span class=\"mil-el-more\"><span class=\"mil-link mil-dark mil-arrow-place mil-up\"><span>Read more<\/span><\/span><\/span><\/p>\n\t\t\t\t\t<\/div>\n\t\t\t\t<\/div>\n\t\t\t<\/div>\n\t\t\t\t<\/a>\n\t\t\t\t<!-- blog card end -->\n\t<\/div>\n<\/div>\n\n<div class=\"col-xl-4 col-lg-6\">\n\t<div id=\"post-6322\" class=\"post-6322 post type-post status-publish format-standard has-post-thumbnail hentry category-europa category-proyectos\">\n\t\t<!-- blog card -->\n\t\t\t\t<a href=\"https:\/\/stariatechnologies.com\/en\/solar-lighting-in-patagonia\/\" class=\"mil-blog-card mil-mb-60\">\n\t\t\t\t\t\t\t\t\t\t\t<div class=\"mil-cover-frame mil-up\">\n\t\t\t\t<img decoding=\"async\" src=\"https:\/\/stariatechnologies.com\/wp-content\/uploads\/2025\/09\/Patagonia1.0-950x709.jpeg\" alt=\"Solar lighting in Patagonia\" \/>\n\t\t\t<\/div>\n\t\t\t\t\t\t\t\t\t<div class=\"mil-post-descr\">\n\t\t\t\t<div class=\"mil-description\">\n\t\t\t\t\t<div class=\"mil-labels mil-up mil-mb-30\">\n\t\t\t\t\t\t\t\t\t\t\t\t\t\t\t\t\t\t<span class=\"mil-label mil-upper\">\n\t\t\t\t\t\t\t\t\t\t\t\t\tSeptember 25, 2025\t\t\t\t\t\t\t\t\t\t\t\t<\/span>\n\t\t\t\t\t\t\t\t\t\t\t<\/div>\n\t\t\t\t\t\t\t\t\t\t<h4 class=\"mil-up mil-mb-30\">\n\t\t\t\t\t\t\t\t\t\t\t\tSolar lighting in Patagonia\t\t\t\t\t\t\t\t\t\t\t<\/h4>\n\t\t\t\t\t\t\t\t\t\t<div class=\"mil-post-text mil-up\">\n\t\t\t\t\t\t<p>Solar lighting in Patagonia Results that matter INSTALLED WITH MODEL SAT80 113 luminaires installed... <span class=\"mil-el-more\"><span class=\"mil-link mil-dark mil-arrow-place mil-up\"><span>Read more<\/span><\/span><\/span><\/p>\n\t\t\t\t\t<\/div>\n\t\t\t\t<\/div>\n\t\t\t<\/div>\n\t\t\t\t<\/a>\n\t\t\t\t<!-- blog card end -->\n\t<\/div>\n<\/div>\n\n<div class=\"col-xl-4 col-lg-6\">\n\t<div id=\"post-6316\" class=\"post-6316 post type-post status-publish format-standard has-post-thumbnail hentry category-europa category-proyectos\">\n\t\t<!-- blog card -->\n\t\t\t\t<a href=\"https:\/\/stariatechnologies.com\/en\/puigventos-girona-42-roundabout-street-lamps\/\" class=\"mil-blog-card mil-mb-60\">\n\t\t\t\t\t\t\t\t\t\t\t<div class=\"mil-cover-frame mil-up\">\n\t\t\t\t<img decoding=\"async\" src=\"https:\/\/stariatechnologies.com\/wp-content\/uploads\/2025\/09\/Portada-Carreteras-scaled-e1758529493777-950x505.jpg\" alt=\"Puigvent\u00f3s, now with solar lighting.\" \/>\n\t\t\t<\/div>\n\t\t\t\t\t\t\t\t\t<div class=\"mil-post-descr\">\n\t\t\t\t<div class=\"mil-description\">\n\t\t\t\t\t<div class=\"mil-labels mil-up mil-mb-30\">\n\t\t\t\t\t\t\t\t\t\t\t\t\t\t\t\t\t\t<span class=\"mil-label mil-upper\">\n\t\t\t\t\t\t\t\t\t\t\t\t\tSeptember 25, 2025\t\t\t\t\t\t\t\t\t\t\t\t<\/span>\n\t\t\t\t\t\t\t\t\t\t\t<\/div>\n\t\t\t\t\t\t\t\t\t\t<h4 class=\"mil-up mil-mb-30\">\n\t\t\t\t\t\t\t\t\t\t\t\tPuigvent\u00f3s, now with solar lighting.\t\t\t\t\t\t\t\t\t\t\t<\/h4>\n\t\t\t\t\t\t\t\t\t\t<div class=\"mil-post-text mil-up\">\n\t\t\t\t\t\t<p>Puigvent\u00f3s, now with solar lighting. Results that matter INSTALLED WITH THE SAT80 MODEL 42 luminaires... <span class=\"mil-el-more\"><span class=\"mil-link mil-dark mil-arrow-place mil-up\"><span>Read more<\/span><\/span><\/span><\/p>\n\t\t\t\t\t<\/div>\n\t\t\t\t<\/div>\n\t\t\t<\/div>\n\t\t\t\t<\/a>\n\t\t\t\t<!-- blog card end -->\n\t<\/div>\n<\/div>\n\n<div class=\"col-xl-4 col-lg-6\">\n\t<div id=\"post-6308\" class=\"post-6308 post type-post status-publish format-standard has-post-thumbnail hentry category-europa category-proyectos\">\n\t\t<!-- blog card -->\n\t\t\t\t<a href=\"https:\/\/stariatechnologies.com\/en\/urbanisation-mas-borras-tarragona-already-shines-with-363-solar-streetlights\/\" class=\"mil-blog-card mil-mb-60\">\n\t\t\t\t\t\t\t\t\t\t\t<div class=\"mil-cover-frame mil-up\">\n\t\t\t\t<img decoding=\"async\" src=\"https:\/\/stariatechnologies.com\/wp-content\/uploads\/2025\/09\/847-Edited-1-min-1-950x649.jpg\" alt=\"Mas Borr\u00e1s housing estate: Tarragona now shines with 363 solar streetlights\" \/>\n\t\t\t<\/div>\n\t\t\t\t\t\t\t\t\t<div class=\"mil-post-descr\">\n\t\t\t\t<div class=\"mil-description\">\n\t\t\t\t\t<div class=\"mil-labels mil-up mil-mb-30\">\n\t\t\t\t\t\t\t\t\t\t\t\t\t\t\t\t\t\t<span class=\"mil-label mil-upper\">\n\t\t\t\t\t\t\t\t\t\t\t\t\tSeptember 25, 2025\t\t\t\t\t\t\t\t\t\t\t\t<\/span>\n\t\t\t\t\t\t\t\t\t\t\t<\/div>\n\t\t\t\t\t\t\t\t\t\t<h4 class=\"mil-up mil-mb-30\">\n\t\t\t\t\t\t\t\t\t\t\t\tMas Borr\u00e1s housing estate: Tarragona now shines with 363 solar streetlights\t\t\t\t\t\t\t\t\t\t\t<\/h4>\n\t\t\t\t\t\t\t\t\t\t<div class=\"mil-post-text mil-up\">\n\t\t\t\t\t\t<p>Urbanization Mas Borr\u00e1s: Tarragona already shines with 363 solar streetlights Results that matter INSTALLED WITH... <span class=\"mil-el-more\"><span class=\"mil-link mil-dark mil-arrow-place mil-up\"><span>Read more<\/span><\/span><\/span><\/p>\n\t\t\t\t\t<\/div>\n\t\t\t\t<\/div>\n\t\t\t<\/div>\n\t\t\t\t<\/a>\n\t\t\t\t<!-- blog card end -->\n\t<\/div>\n<\/div>\n\t\t\t\t\t\t<div class=\"mil-pagination mil-p-90-0\">\n\t\t\t\t\t\t\t<\/div>\n\t\t\t\n\t\t\t\n\t\t\t\t\t\t\n\t\t<\/div>\n\n\t\t\t\t\t\t<\/div>\n\t\t\t\t<\/div>\n\t\t\t\t\t<\/div>\n\t\t\t\t<\/div>\n\t\t\t\t<\/div>","protected":false},"excerpt":{"rendered":"<p>Descubre c\u00f3mo la iluminaci\u00f3n solar inteligente de Staria est\u00e1 transformando calles, campus y comunidades en.. <span class=\"mil-el-more\"><span class=\"mil-link mil-dark mil-arrow-place mil-up\"><span>Read more<\/span><\/span><\/span><\/p>","protected":false},"author":2,"featured_media":0,"parent":0,"menu_order":0,"comment_status":"closed","ping_status":"closed","template":"elementor_header_footer","meta":{"_acf_changed":false,"inline_featured_image":false,"footnotes":""},"class_list":["post-6039","page","type-page","status-publish","hentry"],"acf":[],"yoast_head":"<!-- This site is optimized with the Yoast SEO plugin v26.0 - https:\/\/yoast.com\/wordpress\/plugins\/seo\/ -->\n<title>Proyectos - Staria<\/title>\n<meta name=\"robots\" content=\"index, follow, max-snippet:-1, max-image-preview:large, max-video-preview:-1\" \/>\n<link rel=\"canonical\" href=\"https:\/\/stariatechnologies.com\/en\/projects\/\" \/>\n<meta property=\"og:locale\" content=\"en_GB\" \/>\n<meta property=\"og:type\" content=\"article\" \/>\n<meta property=\"og:title\" content=\"Proyectos - Staria\" \/>\n<meta property=\"og:description\" content=\"Descubre c\u00f3mo la iluminaci\u00f3n solar inteligente de Staria est\u00e1 transformando calles, campus y comunidades en.. Read more\" \/>\n<meta property=\"og:url\" content=\"https:\/\/stariatechnologies.com\/en\/projects\/\" \/>\n<meta property=\"og:site_name\" content=\"Staria\" \/>\n<meta property=\"article:modified_time\" content=\"2025-10-23T21:07:32+00:00\" \/>\n<meta property=\"og:image\" content=\"https:\/\/stariatechnologies.com\/wp-content\/uploads\/2025\/09\/DSC_0802-no-noise-min-950x633.jpg\" \/>\n<meta name=\"twitter:card\" content=\"summary_large_image\" \/>\n<meta name=\"twitter:label1\" content=\"Estimated reading time\" \/>\n\t<meta name=\"twitter:data1\" content=\"5 minutes\" \/>\n<script type=\"application\/ld+json\" class=\"yoast-schema-graph\">{\"@context\":\"https:\/\/schema.org\",\"@graph\":[{\"@type\":\"WebPage\",\"@id\":\"https:\/\/stariatechnologies.com\/proyectos\/\",\"url\":\"https:\/\/stariatechnologies.com\/proyectos\/\",\"name\":\"Proyectos - Staria\",\"isPartOf\":{\"@id\":\"https:\/\/stariatechnologies.com\/#website\"},\"primaryImageOfPage\":{\"@id\":\"https:\/\/stariatechnologies.com\/proyectos\/#primaryimage\"},\"image\":{\"@id\":\"https:\/\/stariatechnologies.com\/proyectos\/#primaryimage\"},\"thumbnailUrl\":\"https:\/\/stariatechnologies.com\/wp-content\/uploads\/2025\/09\/DSC_0802-no-noise-min-950x633.jpg\",\"datePublished\":\"2025-09-12T19:24:15+00:00\",\"dateModified\":\"2025-10-23T21:07:32+00:00\",\"breadcrumb\":{\"@id\":\"https:\/\/stariatechnologies.com\/proyectos\/#breadcrumb\"},\"inLanguage\":\"en-GB\",\"potentialAction\":[{\"@type\":\"ReadAction\",\"target\":[\"https:\/\/stariatechnologies.com\/proyectos\/\"]}]},{\"@type\":\"ImageObject\",\"inLanguage\":\"en-GB\",\"@id\":\"https:\/\/stariatechnologies.com\/proyectos\/#primaryimage\",\"url\":\"https:\/\/stariatechnologies.com\/wp-content\/uploads\/2025\/09\/DSC_0802-no-noise-min-950x633.jpg\",\"contentUrl\":\"https:\/\/stariatechnologies.com\/wp-content\/uploads\/2025\/09\/DSC_0802-no-noise-min-950x633.jpg\"},{\"@type\":\"BreadcrumbList\",\"@id\":\"https:\/\/stariatechnologies.com\/proyectos\/#breadcrumb\",\"itemListElement\":[{\"@type\":\"ListItem\",\"position\":1,\"name\":\"Portada\",\"item\":\"https:\/\/stariatechnologies.com\/\"},{\"@type\":\"ListItem\",\"position\":2,\"name\":\"Proyectos\"}]},{\"@type\":\"WebSite\",\"@id\":\"https:\/\/stariatechnologies.com\/#website\",\"url\":\"https:\/\/stariatechnologies.com\/\",\"name\":\"Staria Technologies\",\"description\":\"Alumbrando el mundo de manera sostenible\",\"publisher\":{\"@id\":\"https:\/\/stariatechnologies.com\/#organization\"},\"potentialAction\":[{\"@type\":\"SearchAction\",\"target\":{\"@type\":\"EntryPoint\",\"urlTemplate\":\"https:\/\/stariatechnologies.com\/?s={search_term_string}\"},\"query-input\":{\"@type\":\"PropertyValueSpecification\",\"valueRequired\":true,\"valueName\":\"search_term_string\"}}],\"inLanguage\":\"en-GB\"},{\"@type\":\"Organization\",\"@id\":\"https:\/\/stariatechnologies.com\/#organization\",\"name\":\"Staria Technologies\",\"url\":\"https:\/\/stariatechnologies.com\/\",\"logo\":{\"@type\":\"ImageObject\",\"inLanguage\":\"en-GB\",\"@id\":\"https:\/\/stariatechnologies.com\/#\/schema\/logo\/image\/\",\"url\":\"https:\/\/stariatechnologies.com\/wp-content\/uploads\/2024\/03\/Logo-.png\",\"contentUrl\":\"https:\/\/stariatechnologies.com\/wp-content\/uploads\/2024\/03\/Logo-.png\",\"width\":368,\"height\":185,\"caption\":\"Staria Technologies\"},\"image\":{\"@id\":\"https:\/\/stariatechnologies.com\/#\/schema\/logo\/image\/\"},\"sameAs\":[\"https:\/\/www.youtube.com\/@stariatechnologies8193\",\"https:\/\/www.linkedin.com\/company\/stariatechnologies\/\"]}]}<\/script>\n<!-- \/ Yoast SEO plugin. -->","yoast_head_json":{"title":"Projects - Staria","robots":{"index":"index","follow":"follow","max-snippet":"max-snippet:-1","max-image-preview":"max-image-preview:large","max-video-preview":"max-video-preview:-1"},"canonical":"https:\/\/stariatechnologies.com\/en\/projects\/","og_locale":"en_GB","og_type":"article","og_title":"Proyectos - Staria","og_description":"Descubre c\u00f3mo la iluminaci\u00f3n solar inteligente de Staria est\u00e1 transformando calles, campus y comunidades en.. Read more","og_url":"https:\/\/stariatechnologies.com\/en\/projects\/","og_site_name":"Staria","article_modified_time":"2025-10-23T21:07:32+00:00","og_image":[{"url":"https:\/\/stariatechnologies.com\/wp-content\/uploads\/2025\/09\/DSC_0802-no-noise-min-950x633.jpg","type":"","width":"","height":""}],"twitter_card":"summary_large_image","twitter_misc":{"Estimated reading time":"5 minutes"},"schema":{"@context":"https:\/\/schema.org","@graph":[{"@type":"WebPage","@id":"https:\/\/stariatechnologies.com\/proyectos\/","url":"https:\/\/stariatechnologies.com\/proyectos\/","name":"Projects - Staria","isPartOf":{"@id":"https:\/\/stariatechnologies.com\/#website"},"primaryImageOfPage":{"@id":"https:\/\/stariatechnologies.com\/proyectos\/#primaryimage"},"image":{"@id":"https:\/\/stariatechnologies.com\/proyectos\/#primaryimage"},"thumbnailUrl":"https:\/\/stariatechnologies.com\/wp-content\/uploads\/2025\/09\/DSC_0802-no-noise-min-950x633.jpg","datePublished":"2025-09-12T19:24:15+00:00","dateModified":"2025-10-23T21:07:32+00:00","breadcrumb":{"@id":"https:\/\/stariatechnologies.com\/proyectos\/#breadcrumb"},"inLanguage":"en-GB","potentialAction":[{"@type":"ReadAction","target":["https:\/\/stariatechnologies.com\/proyectos\/"]}]},{"@type":"ImageObject","inLanguage":"en-GB","@id":"https:\/\/stariatechnologies.com\/proyectos\/#primaryimage","url":"https:\/\/stariatechnologies.com\/wp-content\/uploads\/2025\/09\/DSC_0802-no-noise-min-950x633.jpg","contentUrl":"https:\/\/stariatechnologies.com\/wp-content\/uploads\/2025\/09\/DSC_0802-no-noise-min-950x633.jpg"},{"@type":"BreadcrumbList","@id":"https:\/\/stariatechnologies.com\/proyectos\/#breadcrumb","itemListElement":[{"@type":"ListItem","position":1,"name":"Portada","item":"https:\/\/stariatechnologies.com\/"},{"@type":"ListItem","position":2,"name":"Proyectos"}]},{"@type":"WebSite","@id":"https:\/\/stariatechnologies.com\/#website","url":"https:\/\/stariatechnologies.com\/","name":"Staria Technologies","description":"Lighting the world in a sustainable way","publisher":{"@id":"https:\/\/stariatechnologies.com\/#organization"},"potentialAction":[{"@type":"SearchAction","target":{"@type":"EntryPoint","urlTemplate":"https:\/\/stariatechnologies.com\/?s={search_term_string}"},"query-input":{"@type":"PropertyValueSpecification","valueRequired":true,"valueName":"search_term_string"}}],"inLanguage":"en-GB"},{"@type":"Organization","@id":"https:\/\/stariatechnologies.com\/#organization","name":"Staria Technologies","url":"https:\/\/stariatechnologies.com\/","logo":{"@type":"ImageObject","inLanguage":"en-GB","@id":"https:\/\/stariatechnologies.com\/#\/schema\/logo\/image\/","url":"https:\/\/stariatechnologies.com\/wp-content\/uploads\/2024\/03\/Logo-.png","contentUrl":"https:\/\/stariatechnologies.com\/wp-content\/uploads\/2024\/03\/Logo-.png","width":368,"height":185,"caption":"Staria Technologies"},"image":{"@id":"https:\/\/stariatechnologies.com\/#\/schema\/logo\/image\/"},"sameAs":["https:\/\/www.youtube.com\/@stariatechnologies8193","https:\/\/www.linkedin.com\/company\/stariatechnologies\/"]}]}},"_links":{"self":[{"href":"https:\/\/stariatechnologies.com\/en\/wp-json\/wp\/v2\/pages\/6039","targetHints":{"allow":["GET"]}}],"collection":[{"href":"https:\/\/stariatechnologies.com\/en\/wp-json\/wp\/v2\/pages"}],"about":[{"href":"https:\/\/stariatechnologies.com\/en\/wp-json\/wp\/v2\/types\/page"}],"author":[{"embeddable":true,"href":"https:\/\/stariatechnologies.com\/en\/wp-json\/wp\/v2\/users\/2"}],"replies":[{"embeddable":true,"href":"https:\/\/stariatechnologies.com\/en\/wp-json\/wp\/v2\/comments?post=6039"}],"version-history":[{"count":0,"href":"https:\/\/stariatechnologies.com\/en\/wp-json\/wp\/v2\/pages\/6039\/revisions"}],"wp:attachment":[{"href":"https:\/\/stariatechnologies.com\/en\/wp-json\/wp\/v2\/media?parent=6039"}],"curies":[{"name":"wp","href":"https:\/\/api.w.org\/{rel}","templated":true}]}}