{"id":6513,"date":"2025-10-04T18:22:24","date_gmt":"2025-10-04T18:22:24","guid":{"rendered":"https:\/\/stariatechnologies.com\/?page_id=6513"},"modified":"2025-10-04T18:26:40","modified_gmt":"2025-10-04T18:26:40","slug":"subscribe-to-our-newsletter","status":"publish","type":"page","link":"https:\/\/stariatechnologies.com\/en\/subscribe-to-our-newsletter\/","title":{"rendered":"Subscribe"},"content":{"rendered":"<div data-elementor-type=\"wp-page\" data-elementor-id=\"6513\" class=\"elementor elementor-6513\">\n\t\t\t\t<div class=\"elementor-element elementor-element-462df0a kero2025 e-flex e-con-boxed wpr-particle-no wpr-jarallax-no wpr-parallax-no wpr-sticky-section-no e-con e-parent\" data-id=\"462df0a\" data-element_type=\"container\" data-settings=\"{&quot;background_background&quot;:&quot;classic&quot;}\">\n\t\t\t\t\t<div class=\"e-con-inner\">\n\t\t\t\t<div class=\"elementor-element elementor-element-a8c0366 elementor-widget elementor-widget-heading\" data-id=\"a8c0366\" data-element_type=\"widget\" data-widget_type=\"heading.default\">\n\t\t\t\t<div class=\"elementor-widget-container\">\n\t\t\t\t\t<h2 class=\"elementor-heading-title elementor-size-default\">SUBSCRIBE TO THE NEWSLETTER<\/h2>\t\t\t\t<\/div>\n\t\t\t\t<\/div>\n\t\t\t\t\t<\/div>\n\t\t\t\t<\/div>\n\t\t\t\t<section class=\"elementor-section elementor-top-section elementor-element elementor-element-32b6269 elementor-section-boxed elementor-section-height-default elementor-section-height-default wpr-particle-no wpr-jarallax-no wpr-parallax-no wpr-sticky-section-no\" data-id=\"32b6269\" data-element_type=\"section\">\n\t\t\t\t\t\t<div class=\"elementor-container elementor-column-gap-default\">\n\t\t\t\t\t<div class=\"elementor-column elementor-col-100 elementor-top-column elementor-element elementor-element-25c064b\" data-id=\"25c064b\" data-element_type=\"column\">\n\t\t\t<div class=\"elementor-widget-wrap elementor-element-populated\">\n\t\t\t\t\t\t<section class=\"elementor-section elementor-inner-section elementor-element elementor-element-58c5ad3 elementor-section-boxed elementor-section-height-default elementor-section-height-default wpr-particle-no wpr-jarallax-no wpr-parallax-no wpr-sticky-section-no\" data-id=\"58c5ad3\" data-element_type=\"section\">\n\t\t\t\t\t\t<div class=\"elementor-container elementor-column-gap-default\">\n\t\t\t\t\t<div class=\"elementor-column elementor-col-100 elementor-inner-column elementor-element elementor-element-e5f46a3\" data-id=\"e5f46a3\" data-element_type=\"column\">\n\t\t\t<div class=\"elementor-widget-wrap elementor-element-populated\">\n\t\t\t\t\t\t<div class=\"elementor-element elementor-element-8145147 elementor-widget elementor-widget-ashley-cf7-form\" data-id=\"8145147\" data-element_type=\"widget\" data-widget_type=\"ashley-cf7-form.default\">\n\t\t\t\t<div class=\"elementor-widget-container\">\n\t\t\t\t\t\n\t\t\n<div class=\"wpcf7 no-js\" id=\"wpcf7-f4599-o1\" lang=\"es-ES\" dir=\"ltr\" data-wpcf7-id=\"4599\">\n<div class=\"screen-reader-response\"><p role=\"status\" aria-live=\"polite\" aria-atomic=\"true\"><\/p> <ul><\/ul><\/div>\n<form action=\"\/en\/wp-json\/wp\/v2\/pages\/6513#wpcf7-f4599-o1\" method=\"post\" class=\"wpcf7-form init\" aria-label=\"Formulario de contacto\" novalidate=\"novalidate\" data-status=\"init\" data-trp-original-action=\"\/en\/wp-json\/wp\/v2\/pages\/6513#wpcf7-f4599-o1\">\n<fieldset class=\"hidden-fields-container\"><input type=\"hidden\" name=\"_wpcf7\" value=\"4599\" \/><input type=\"hidden\" name=\"_wpcf7_version\" value=\"6.1.5\" \/><input type=\"hidden\" name=\"_wpcf7_locale\" value=\"es_ES\" \/><input type=\"hidden\" name=\"_wpcf7_unit_tag\" value=\"wpcf7-f4599-o1\" \/><input type=\"hidden\" name=\"_wpcf7_container_post\" value=\"0\" \/><input type=\"hidden\" name=\"_wpcf7_posted_data_hash\" value=\"\" \/>\n<\/fieldset>\n<div class=\"row align-items-center\">\n                            <div class=\"col-lg-6 mil-up\">\n<span class=\"wpcf7-form-control-wrap\" data-name=\"cf_name\"><input size=\"40\" maxlength=\"400\" class=\"wpcf7-form-control wpcf7-text wpcf7-validates-as-required\" aria-required=\"true\" aria-invalid=\"false\" placeholder=\"Name\" value=\"\" type=\"text\" name=\"cf_name\" \/><\/span>\n                            <\/div>\n                            <div class=\"col-lg-6 mil-up\">\n<span class=\"wpcf7-form-control-wrap\" data-name=\"cf_surname\"><input size=\"40\" maxlength=\"400\" class=\"wpcf7-form-control wpcf7-text wpcf7-validates-as-required\" aria-required=\"true\" aria-invalid=\"false\" placeholder=\"Surname\" value=\"\" type=\"text\" name=\"cf_surname\" \/><\/span>\n                            <\/div>\n                            <div class=\"col-lg-6 mil-up\">\n<span class=\"wpcf7-form-control-wrap\" data-name=\"cf_email\"><input size=\"40\" maxlength=\"400\" class=\"wpcf7-form-control wpcf7-email wpcf7-validates-as-required wpcf7-text wpcf7-validates-as-email\" aria-required=\"true\" aria-invalid=\"false\" placeholder=\"Email\" value=\"\" type=\"email\" name=\"cf_email\" \/><\/span>\n                            <\/div>\n                            <div class=\"col-lg-6 mil-up\">\n<span class=\"wpcf7-form-control-wrap\" data-name=\"cf_company\"><input size=\"40\" maxlength=\"400\" class=\"wpcf7-form-control wpcf7-text\" aria-invalid=\"false\" placeholder=\"Company\" value=\"\" type=\"text\" name=\"cf_company\" \/><\/span>\n                            <\/div>\n<span class=\"wpcf7-form-control-wrap\" data-name=\"cf_message\"><textarea cols=\"40\" rows=\"10\" maxlength=\"2000\" class=\"wpcf7-form-control wpcf7-textarea wpcf7-validates-as-required\" aria-required=\"true\" aria-invalid=\"false\" placeholder=\"\u00bfEn qu\u00e9 podemos ayudarle?\" name=\"cf_message\"><\/textarea><\/span>\n                            <\/div>\n\n                            \n<span class=\"wpcf7-form-control-wrap\" data-name=\"acceptance-638\"><span class=\"wpcf7-form-control wpcf7-acceptance\"><span class=\"wpcf7-list-item\"><label><input type=\"checkbox\" name=\"acceptance-638\" value=\"1\" aria-invalid=\"false\" \/><span class=\"wpcf7-list-item-label\">I have read and accept the <a href=\"\/en\/privacy-policy\/\" target=\"_blank\">privacy policy<\/a><\/span><\/label><\/span><\/span><\/span>\n                                \n                            <input type=\"hidden\" name=\"trp-form-language\" value=\"en\"\/><\/div>\n                            <div class=\"col-lg-4\">\n                                <div class=\"mil-adaptive-right mil-up mil-mb-30\">\n                                    <button type=\"submit\" class=\"mil-button mil-arrow-place\">\n                                        <span>SEND<\/span>\n                                    <\/button>\n                                <\/div>\n                            <\/div>\n                        <\/div><div class=\"wpcf7-response-output\" aria-hidden=\"true\"><\/div>\n<\/form>\n<\/div>\n\n\t\t\t\t\t\t<\/div>\n\t\t\t\t<\/div>\n\t\t\t\t\t<\/div>\n\t\t<\/div>\n\t\t\t\t\t<\/div>\n\t\t<\/section>\n\t\t\t\t\t<\/div>\n\t\t<\/div>\n\t\t\t\t\t<\/div>\n\t\t<\/section>\n\t\t\t\t<section class=\"elementor-section elementor-top-section elementor-element elementor-element-db8039b elementor-section-full_width elementor-section-height-default elementor-section-height-default wpr-particle-no wpr-jarallax-no wpr-parallax-no wpr-sticky-section-no\" data-id=\"db8039b\" data-element_type=\"section\">\n\t\t\t\t\t\t<div class=\"elementor-container elementor-column-gap-no\">\n\t\t\t\t\t<div class=\"elementor-column elementor-col-100 elementor-top-column elementor-element elementor-element-cce9a22\" data-id=\"cce9a22\" data-element_type=\"column\">\n\t\t\t<div class=\"elementor-widget-wrap elementor-element-populated\">\n\t\t\t\t\t\t<div class=\"elementor-element elementor-element-f83ddfd elementor-widget elementor-widget-google_maps\" data-id=\"f83ddfd\" data-element_type=\"widget\" data-widget_type=\"google_maps.default\">\n\t\t\t\t<div class=\"elementor-widget-container\">\n\t\t\t\t\t\t\t<div class=\"elementor-custom-embed\">\n\t\t\t<iframe loading=\"lazy\"\n\t\t\t\t\tsrc=\"https:\/\/maps.google.com\/maps?q=Calle%20Papiro%2C3%2C%20Sevilla%2041016&#038;t=m&#038;z=16&#038;output=embed&#038;iwloc=near\"\n\t\t\t\t\ttitle=\"Calle Papiro,3, Sevilla 41016\"\n\t\t\t\t\taria-label=\"Calle Papiro,3, Sevilla 41016\"\n\t\t\t><\/iframe>\n\t\t<\/div>\n\t\t\t\t\t\t<\/div>\n\t\t\t\t<\/div>\n\t\t\t\t\t<\/div>\n\t\t<\/div>\n\t\t\t\t\t<\/div>\n\t\t<\/section>\n\t\t\t\t<\/div>","protected":false},"excerpt":{"rendered":"<p>SUBSCRIBE TO NEWSLETTER I have read and accept the privacy policy SUBMIT<\/p>","protected":false},"author":2,"featured_media":0,"parent":0,"menu_order":0,"comment_status":"closed","ping_status":"closed","template":"elementor_header_footer","meta":{"_acf_changed":false,"inline_featured_image":false,"footnotes":""},"class_list":["post-6513","page","type-page","status-publish","hentry"],"acf":[],"yoast_head":"<!-- This site is optimized with the Yoast SEO plugin v26.0 - https:\/\/yoast.com\/wordpress\/plugins\/seo\/ -->\n<title>Suscr\u00edbete - Staria<\/title>\n<meta name=\"robots\" content=\"index, follow, max-snippet:-1, max-image-preview:large, max-video-preview:-1\" \/>\n<link rel=\"canonical\" href=\"https:\/\/stariatechnologies.com\/en\/subscribe-to-our-newsletter\/\" \/>\n<meta property=\"og:locale\" content=\"en_GB\" \/>\n<meta property=\"og:type\" content=\"article\" \/>\n<meta property=\"og:title\" content=\"Suscr\u00edbete - Staria\" \/>\n<meta property=\"og:description\" content=\"SUSCR\u00cdBETE AL BOLET\u00cdN He le\u00eddo y acepto la pol\u00edtica de privacidad ENVIAR\" \/>\n<meta property=\"og:url\" content=\"https:\/\/stariatechnologies.com\/en\/subscribe-to-our-newsletter\/\" \/>\n<meta property=\"og:site_name\" content=\"Staria\" \/>\n<meta property=\"article:modified_time\" content=\"2025-10-04T18:26:40+00:00\" \/>\n<meta name=\"twitter:card\" content=\"summary_large_image\" \/>\n<meta name=\"twitter:label1\" content=\"Estimated reading time\" \/>\n\t<meta name=\"twitter:data1\" content=\"1 minute\" \/>\n<script type=\"application\/ld+json\" class=\"yoast-schema-graph\">{\"@context\":\"https:\/\/schema.org\",\"@graph\":[{\"@type\":\"WebPage\",\"@id\":\"https:\/\/stariatechnologies.com\/suscribete-a-nuestro-boletin\/\",\"url\":\"https:\/\/stariatechnologies.com\/suscribete-a-nuestro-boletin\/\",\"name\":\"Suscr\u00edbete - Staria\",\"isPartOf\":{\"@id\":\"https:\/\/stariatechnologies.com\/#website\"},\"datePublished\":\"2025-10-04T18:22:24+00:00\",\"dateModified\":\"2025-10-04T18:26:40+00:00\",\"breadcrumb\":{\"@id\":\"https:\/\/stariatechnologies.com\/suscribete-a-nuestro-boletin\/#breadcrumb\"},\"inLanguage\":\"en-GB\",\"potentialAction\":[{\"@type\":\"ReadAction\",\"target\":[\"https:\/\/stariatechnologies.com\/suscribete-a-nuestro-boletin\/\"]}]},{\"@type\":\"BreadcrumbList\",\"@id\":\"https:\/\/stariatechnologies.com\/suscribete-a-nuestro-boletin\/#breadcrumb\",\"itemListElement\":[{\"@type\":\"ListItem\",\"position\":1,\"name\":\"Portada\",\"item\":\"https:\/\/stariatechnologies.com\/\"},{\"@type\":\"ListItem\",\"position\":2,\"name\":\"Suscr\u00edbete\"}]},{\"@type\":\"WebSite\",\"@id\":\"https:\/\/stariatechnologies.com\/#website\",\"url\":\"https:\/\/stariatechnologies.com\/\",\"name\":\"Staria Technologies\",\"description\":\"Alumbrando el mundo de manera sostenible\",\"publisher\":{\"@id\":\"https:\/\/stariatechnologies.com\/#organization\"},\"potentialAction\":[{\"@type\":\"SearchAction\",\"target\":{\"@type\":\"EntryPoint\",\"urlTemplate\":\"https:\/\/stariatechnologies.com\/?s={search_term_string}\"},\"query-input\":{\"@type\":\"PropertyValueSpecification\",\"valueRequired\":true,\"valueName\":\"search_term_string\"}}],\"inLanguage\":\"en-GB\"},{\"@type\":\"Organization\",\"@id\":\"https:\/\/stariatechnologies.com\/#organization\",\"name\":\"Staria Technologies\",\"url\":\"https:\/\/stariatechnologies.com\/\",\"logo\":{\"@type\":\"ImageObject\",\"inLanguage\":\"en-GB\",\"@id\":\"https:\/\/stariatechnologies.com\/#\/schema\/logo\/image\/\",\"url\":\"https:\/\/stariatechnologies.com\/wp-content\/uploads\/2024\/03\/Logo-.png\",\"contentUrl\":\"https:\/\/stariatechnologies.com\/wp-content\/uploads\/2024\/03\/Logo-.png\",\"width\":368,\"height\":185,\"caption\":\"Staria Technologies\"},\"image\":{\"@id\":\"https:\/\/stariatechnologies.com\/#\/schema\/logo\/image\/\"},\"sameAs\":[\"https:\/\/www.youtube.com\/@stariatechnologies8193\",\"https:\/\/www.linkedin.com\/company\/stariatechnologies\/\"]}]}<\/script>\n<!-- \/ Yoast SEO plugin. -->","yoast_head_json":{"title":"Subscribe - Staria","robots":{"index":"index","follow":"follow","max-snippet":"max-snippet:-1","max-image-preview":"max-image-preview:large","max-video-preview":"max-video-preview:-1"},"canonical":"https:\/\/stariatechnologies.com\/en\/subscribe-to-our-newsletter\/","og_locale":"en_GB","og_type":"article","og_title":"Suscr\u00edbete - Staria","og_description":"SUSCR\u00cdBETE AL BOLET\u00cdN He le\u00eddo y acepto la pol\u00edtica de privacidad ENVIAR","og_url":"https:\/\/stariatechnologies.com\/en\/subscribe-to-our-newsletter\/","og_site_name":"Staria","article_modified_time":"2025-10-04T18:26:40+00:00","twitter_card":"summary_large_image","twitter_misc":{"Estimated reading time":"1 minute"},"schema":{"@context":"https:\/\/schema.org","@graph":[{"@type":"WebPage","@id":"https:\/\/stariatechnologies.com\/suscribete-a-nuestro-boletin\/","url":"https:\/\/stariatechnologies.com\/suscribete-a-nuestro-boletin\/","name":"Subscribe - Staria","isPartOf":{"@id":"https:\/\/stariatechnologies.com\/#website"},"datePublished":"2025-10-04T18:22:24+00:00","dateModified":"2025-10-04T18:26:40+00:00","breadcrumb":{"@id":"https:\/\/stariatechnologies.com\/suscribete-a-nuestro-boletin\/#breadcrumb"},"inLanguage":"en-GB","potentialAction":[{"@type":"ReadAction","target":["https:\/\/stariatechnologies.com\/suscribete-a-nuestro-boletin\/"]}]},{"@type":"BreadcrumbList","@id":"https:\/\/stariatechnologies.com\/suscribete-a-nuestro-boletin\/#breadcrumb","itemListElement":[{"@type":"ListItem","position":1,"name":"Portada","item":"https:\/\/stariatechnologies.com\/"},{"@type":"ListItem","position":2,"name":"Suscr\u00edbete"}]},{"@type":"WebSite","@id":"https:\/\/stariatechnologies.com\/#website","url":"https:\/\/stariatechnologies.com\/","name":"Staria Technologies","description":"Lighting the world in a sustainable way","publisher":{"@id":"https:\/\/stariatechnologies.com\/#organization"},"potentialAction":[{"@type":"SearchAction","target":{"@type":"EntryPoint","urlTemplate":"https:\/\/stariatechnologies.com\/?s={search_term_string}"},"query-input":{"@type":"PropertyValueSpecification","valueRequired":true,"valueName":"search_term_string"}}],"inLanguage":"en-GB"},{"@type":"Organization","@id":"https:\/\/stariatechnologies.com\/#organization","name":"Staria Technologies","url":"https:\/\/stariatechnologies.com\/","logo":{"@type":"ImageObject","inLanguage":"en-GB","@id":"https:\/\/stariatechnologies.com\/#\/schema\/logo\/image\/","url":"https:\/\/stariatechnologies.com\/wp-content\/uploads\/2024\/03\/Logo-.png","contentUrl":"https:\/\/stariatechnologies.com\/wp-content\/uploads\/2024\/03\/Logo-.png","width":368,"height":185,"caption":"Staria Technologies"},"image":{"@id":"https:\/\/stariatechnologies.com\/#\/schema\/logo\/image\/"},"sameAs":["https:\/\/www.youtube.com\/@stariatechnologies8193","https:\/\/www.linkedin.com\/company\/stariatechnologies\/"]}]}},"_links":{"self":[{"href":"https:\/\/stariatechnologies.com\/en\/wp-json\/wp\/v2\/pages\/6513","targetHints":{"allow":["GET"]}}],"collection":[{"href":"https:\/\/stariatechnologies.com\/en\/wp-json\/wp\/v2\/pages"}],"about":[{"href":"https:\/\/stariatechnologies.com\/en\/wp-json\/wp\/v2\/types\/page"}],"author":[{"embeddable":true,"href":"https:\/\/stariatechnologies.com\/en\/wp-json\/wp\/v2\/users\/2"}],"replies":[{"embeddable":true,"href":"https:\/\/stariatechnologies.com\/en\/wp-json\/wp\/v2\/comments?post=6513"}],"version-history":[{"count":0,"href":"https:\/\/stariatechnologies.com\/en\/wp-json\/wp\/v2\/pages\/6513\/revisions"}],"wp:attachment":[{"href":"https:\/\/stariatechnologies.com\/en\/wp-json\/wp\/v2\/media?parent=6513"}],"curies":[{"name":"wp","href":"https:\/\/api.w.org\/{rel}","templated":true}]}}