{"id":4592,"date":"2025-06-12T15:30:39","date_gmt":"2025-06-12T15:30:39","guid":{"rendered":"https:\/\/stariatechnologies.com\/?page_id=4592"},"modified":"2026-02-10T09:02:06","modified_gmt":"2026-02-10T09:02:06","slug":"contact","status":"publish","type":"page","link":"https:\/\/stariatechnologies.com\/fr\/contact\/","title":{"rendered":"Nous contacter"},"content":{"rendered":"<div data-elementor-type=\"wp-page\" data-elementor-id=\"4592\" class=\"elementor elementor-4592\">\n\t\t\t\t<div class=\"elementor-element elementor-element-462df0a kero2025 e-flex e-con-boxed wpr-particle-no wpr-jarallax-no wpr-parallax-no wpr-sticky-section-no e-con e-parent\" data-id=\"462df0a\" data-element_type=\"container\" data-settings=\"{&quot;background_background&quot;:&quot;classic&quot;}\">\n\t\t\t\t\t<div class=\"e-con-inner\">\n\t\t\t\t<div class=\"elementor-element elementor-element-a8c0366 elementor-widget elementor-widget-heading\" data-id=\"a8c0366\" data-element_type=\"widget\" data-widget_type=\"heading.default\">\n\t\t\t\t<div class=\"elementor-widget-container\">\n\t\t\t\t\t<h2 class=\"elementor-heading-title elementor-size-default\">CONTACTEZ-NOUS<\/h2>\t\t\t\t<\/div>\n\t\t\t\t<\/div>\n\t\t\t\t\t<\/div>\n\t\t\t\t<\/div>\n\t\t<div class=\"elementor-element elementor-element-9ae9e79 e-flex e-con-boxed wpr-particle-no wpr-jarallax-no wpr-parallax-no wpr-sticky-section-no e-con e-parent\" data-id=\"9ae9e79\" data-element_type=\"container\">\n\t\t\t\t\t<div class=\"e-con-inner\">\n\t\t\t\t<div class=\"elementor-element elementor-element-259dcd4 elementor-widget elementor-widget-spacer\" data-id=\"259dcd4\" data-element_type=\"widget\" data-widget_type=\"spacer.default\">\n\t\t\t\t<div class=\"elementor-widget-container\">\n\t\t\t\t\t\t\t<div class=\"elementor-spacer\">\n\t\t\t<div class=\"elementor-spacer-inner\"><\/div>\n\t\t<\/div>\n\t\t\t\t\t\t<\/div>\n\t\t\t\t<\/div>\n\t\t\t\t\t<\/div>\n\t\t\t\t<\/div>\n\t\t<div class=\"elementor-element elementor-element-41531f5 e-flex e-con-boxed wpr-particle-no wpr-jarallax-no wpr-parallax-no wpr-sticky-section-no e-con e-parent\" data-id=\"41531f5\" data-element_type=\"container\">\n\t\t\t\t\t<div class=\"e-con-inner\">\n\t\t\t\t<div class=\"elementor-element elementor-element-e424ba5 elementor-widget elementor-widget-heading\" data-id=\"e424ba5\" data-element_type=\"widget\" data-widget_type=\"heading.default\">\n\t\t\t\t<div class=\"elementor-widget-container\">\n\t\t\t\t\t<h2 class=\"elementor-heading-title elementor-size-default\">Faites-nous part de vos besoins et notre \u00e9quipe vous contactera dans les plus brefs d\u00e9lais.<\/h2>\t\t\t\t<\/div>\n\t\t\t\t<\/div>\n\t\t\t\t<div class=\"elementor-element elementor-element-b0f96af elementor-widget elementor-widget-text-editor\" data-id=\"b0f96af\" data-element_type=\"widget\" data-widget_type=\"text-editor.default\">\n\t\t\t\t<div class=\"elementor-widget-container\">\n\t\t\t\t\t\t\t\t\t<h6>Chez Staria Technologies, nous vous accompagnons dans toutes les phases du projet, de la conception \u00e0 l'installation du syst\u00e8me d'\u00e9clairage solaire.<\/h6>\t\t\t\t\t\t\t\t<\/div>\n\t\t\t\t<\/div>\n\t\t\t\t\t<\/div>\n\t\t\t\t<\/div>\n\t\t\t\t<section class=\"elementor-section elementor-top-section elementor-element elementor-element-32b6269 elementor-section-boxed elementor-section-height-default elementor-section-height-default wpr-particle-no wpr-jarallax-no wpr-parallax-no wpr-sticky-section-no\" data-id=\"32b6269\" data-element_type=\"section\">\n\t\t\t\t\t\t<div class=\"elementor-container elementor-column-gap-default\">\n\t\t\t\t\t<div class=\"elementor-column elementor-col-100 elementor-top-column elementor-element elementor-element-25c064b\" data-id=\"25c064b\" data-element_type=\"column\">\n\t\t\t<div class=\"elementor-widget-wrap elementor-element-populated\">\n\t\t\t\t\t\t<section class=\"elementor-section elementor-inner-section elementor-element elementor-element-58c5ad3 elementor-section-boxed elementor-section-height-default elementor-section-height-default wpr-particle-no wpr-jarallax-no wpr-parallax-no wpr-sticky-section-no\" data-id=\"58c5ad3\" data-element_type=\"section\">\n\t\t\t\t\t\t<div class=\"elementor-container elementor-column-gap-default\">\n\t\t\t\t\t<div class=\"elementor-column elementor-col-100 elementor-inner-column elementor-element elementor-element-e5f46a3\" data-id=\"e5f46a3\" data-element_type=\"column\">\n\t\t\t<div class=\"elementor-widget-wrap elementor-element-populated\">\n\t\t\t\t\t\t<div class=\"elementor-element elementor-element-8145147 elementor-widget elementor-widget-ashley-cf7-form\" data-id=\"8145147\" data-element_type=\"widget\" data-widget_type=\"ashley-cf7-form.default\">\n\t\t\t\t<div class=\"elementor-widget-container\">\n\t\t\t\t\t\n\t\t\n<div class=\"wpcf7 no-js\" id=\"wpcf7-f719-o1\" lang=\"es-ES\" dir=\"ltr\" data-wpcf7-id=\"719\">\n<div class=\"screen-reader-response\"><p role=\"status\" aria-live=\"polite\" aria-atomic=\"true\"><\/p> <ul><\/ul><\/div>\n<form action=\"\/fr\/wp-json\/wp\/v2\/pages\/4592#wpcf7-f719-o1\" method=\"post\" class=\"wpcf7-form init\" aria-label=\"Formulaire de contact\" novalidate=\"novalidate\" data-status=\"init\" data-trp-original-action=\"\/fr\/wp-json\/wp\/v2\/pages\/4592#wpcf7-f719-o1\">\n<fieldset class=\"hidden-fields-container\"><input type=\"hidden\" name=\"_wpcf7\" value=\"719\" \/><input type=\"hidden\" name=\"_wpcf7_version\" value=\"6.1.5\" \/><input type=\"hidden\" name=\"_wpcf7_locale\" value=\"es_ES\" \/><input type=\"hidden\" name=\"_wpcf7_unit_tag\" value=\"wpcf7-f719-o1\" \/><input type=\"hidden\" name=\"_wpcf7_container_post\" value=\"0\" \/><input type=\"hidden\" name=\"_wpcf7_posted_data_hash\" value=\"\" \/>\n<\/fieldset>\n<label> Nom\n    <span class=\"wpcf7-form-control-wrap\" data-name=\"your-name\"><input size=\"40\" maxlength=\"400\" class=\"wpcf7-form-control wpcf7-text wpcf7-validates-as-required\" autocomplete=\"nombre\" aria-required=\"true\" aria-invalid=\"false\" value=\"\" type=\"text\" name=\"your-name\" \/><\/span> <\/label>\n\n<label> Apellidos\n    <span class=\"wpcf7-form-control-wrap\" data-name=\"your-surname\"><input size=\"40\" maxlength=\"400\" class=\"wpcf7-form-control wpcf7-text wpcf7-validates-as-required\" autocomplete=\"apellidos\" aria-required=\"true\" aria-invalid=\"false\" value=\"\" type=\"text\" name=\"your-surname\" \/><\/span> <\/label>\n\n<label> Nombre de la empresa o comunidad\n    <span class=\"wpcf7-form-control-wrap\" data-name=\"your-company\"><input size=\"40\" maxlength=\"400\" class=\"wpcf7-form-control wpcf7-text\" autocomplete=\"nombre\" aria-invalid=\"false\" value=\"\" type=\"text\" name=\"your-company\" \/><\/span> <\/label>\n\n<label> Courriel\n    <span class=\"wpcf7-form-control-wrap\" data-name=\"your-email\"><input size=\"40\" maxlength=\"400\" class=\"wpcf7-form-control wpcf7-email wpcf7-validates-as-required wpcf7-text wpcf7-validates-as-email\" autocomplete=\"email\" aria-required=\"true\" aria-invalid=\"false\" value=\"\" type=\"email\" name=\"your-email\" \/><\/span> <\/label>\n\n<label> Tel\u00e9fono\n    <span class=\"wpcf7-form-control-wrap\" data-name=\"your-tlf\"><input size=\"40\" maxlength=\"400\" class=\"wpcf7-form-control wpcf7-tel wpcf7-text wpcf7-validates-as-tel\" aria-invalid=\"false\" value=\"\" type=\"tel\" name=\"your-tlf\" \/><\/span> <\/label>\n\n<label> Detalles del proyecto\n    <span class=\"wpcf7-form-control-wrap\" data-name=\"your-project\"><input size=\"40\" maxlength=\"400\" class=\"wpcf7-form-control wpcf7-text wpcf7-validates-as-required\" aria-required=\"true\" aria-invalid=\"false\" value=\"\" type=\"text\" name=\"your-project\" \/><\/span> <\/label>\n\n<span class=\"wpcf7-form-control-wrap\" data-name=\"your-consent\"><span class=\"wpcf7-form-control wpcf7-acceptance\"><span class=\"wpcf7-list-item\"><label><input type=\"checkbox\" name=\"your-consent\" value=\"1\" aria-invalid=\"false\" \/><span class=\"wpcf7-list-item-label\">Estoy de acuerdo con la <a href=\"\/fr\/politica-de-privacidad\/\" target=\"_blank\" style=\"color: var(--e-global-color-primary);\">Politique de confidentialit\u00e9<\/a> de este sitio.<\/span><\/label><\/span><\/span><\/span>\n\n<input class=\"wpcf7-form-control wpcf7-submit has-spinner\" type=\"submit\" value=\"Enviar\" \/><div class=\"wpcf7-response-output\" aria-hidden=\"true\"><\/div>\n<input type=\"hidden\" name=\"trp-form-language\" value=\"fr\"\/><\/form>\n<\/div>\n\n\t\t\t\t\t\t<\/div>\n\t\t\t\t<\/div>\n\t\t\t\t\t<\/div>\n\t\t<\/div>\n\t\t\t\t\t<\/div>\n\t\t<\/section>\n\t\t\t\t\t<\/div>\n\t\t<\/div>\n\t\t\t\t\t<\/div>\n\t\t<\/section>\n\t\t\t\t<section class=\"elementor-section elementor-top-section elementor-element elementor-element-db8039b elementor-section-full_width elementor-section-height-default elementor-section-height-default wpr-particle-no wpr-jarallax-no wpr-parallax-no wpr-sticky-section-no\" data-id=\"db8039b\" data-element_type=\"section\">\n\t\t\t\t\t\t<div class=\"elementor-container elementor-column-gap-no\">\n\t\t\t\t\t<div class=\"elementor-column elementor-col-100 elementor-top-column elementor-element elementor-element-cce9a22\" data-id=\"cce9a22\" data-element_type=\"column\">\n\t\t\t<div class=\"elementor-widget-wrap elementor-element-populated\">\n\t\t\t\t\t\t<div class=\"elementor-element elementor-element-f83ddfd elementor-widget elementor-widget-google_maps\" data-id=\"f83ddfd\" data-element_type=\"widget\" data-widget_type=\"google_maps.default\">\n\t\t\t\t<div class=\"elementor-widget-container\">\n\t\t\t\t\t\t\t<div class=\"elementor-custom-embed\">\n\t\t\t<iframe loading=\"lazy\"\n\t\t\t\t\tsrc=\"https:\/\/maps.google.com\/maps?q=Carrer%20Santa%20Margarida%20de%20Boada%20Vell%2C%207%2C%20Nave%208%2C%2008184%20Palau-solit%C3%A0%20i%20Plegamans%2C%20Barcelona&#038;t=m&#038;z=16&#038;output=embed&#038;iwloc=near\"\n\t\t\t\t\ttitle=\"Carrer Santa Margarida de Boada Vell, 7, Nave 8, 08184 Palau-solit\u00e0 i Plegamans, Barcelona\"\n\t\t\t\t\taria-label=\"Carrer Santa Margarida de Boada Vell, 7, Nave 8, 08184 Palau-solit\u00e0 i Plegamans, Barcelona\"\n\t\t\t><\/iframe>\n\t\t<\/div>\n\t\t\t\t\t\t<\/div>\n\t\t\t\t<\/div>\n\t\t\t\t\t<\/div>\n\t\t<\/div>\n\t\t\t\t\t<\/div>\n\t\t<\/section>\n\t\t\t\t<\/div>","protected":false},"excerpt":{"rendered":"<p>CONTACTEZ-NOUS Faites-nous part de vos besoins et notre \u00e9quipe vous contactera dans les plus brefs d\u00e9lais. Chez Staria Technologies, nous sommes \u00e0 vos c\u00f4t\u00e9s \u00e0 chaque \u00e9tape. <span class=\"mil-el-more\"><span class=\"mil-link mil-dark mil-arrow-place mil-up\"><span>En savoir plus<\/span><\/span><\/span><\/p>","protected":false},"author":2,"featured_media":0,"parent":0,"menu_order":0,"comment_status":"closed","ping_status":"closed","template":"elementor_header_footer","meta":{"_acf_changed":false,"inline_featured_image":false,"footnotes":""},"class_list":["post-4592","page","type-page","status-publish","hentry"],"acf":[],"yoast_head":"<!-- This site is optimized with the Yoast SEO plugin v26.0 - https:\/\/yoast.com\/wordpress\/plugins\/seo\/ -->\n<title>Contacta con nosotros - Staria<\/title>\n<meta name=\"robots\" content=\"index, follow, max-snippet:-1, max-image-preview:large, max-video-preview:-1\" \/>\n<link rel=\"canonical\" href=\"https:\/\/stariatechnologies.com\/fr\/contact\/\" \/>\n<meta property=\"og:locale\" content=\"fr_FR\" \/>\n<meta property=\"og:type\" content=\"article\" \/>\n<meta property=\"og:title\" content=\"Contacta con nosotros - Staria\" \/>\n<meta property=\"og:description\" content=\"CONTACTA CON NOSOTROS Cu\u00e9ntanos tus necesidades y nuestro equipo te contactar\u00e1 en breve. En Staria Technologies te acompa\u00f1amos en cada.. Read more\" \/>\n<meta property=\"og:url\" content=\"https:\/\/stariatechnologies.com\/fr\/contact\/\" \/>\n<meta property=\"og:site_name\" content=\"Staria\" \/>\n<meta property=\"article:modified_time\" content=\"2026-02-10T09:02:06+00:00\" \/>\n<meta name=\"twitter:card\" content=\"summary_large_image\" \/>\n<meta name=\"twitter:label1\" content=\"Dur\u00e9e de lecture estim\u00e9e\" \/>\n\t<meta name=\"twitter:data1\" content=\"1 minute\" \/>\n<script type=\"application\/ld+json\" class=\"yoast-schema-graph\">{\"@context\":\"https:\/\/schema.org\",\"@graph\":[{\"@type\":\"WebPage\",\"@id\":\"https:\/\/stariatechnologies.com\/contacta\/\",\"url\":\"https:\/\/stariatechnologies.com\/contacta\/\",\"name\":\"Contacta con nosotros - Staria\",\"isPartOf\":{\"@id\":\"https:\/\/stariatechnologies.com\/#website\"},\"datePublished\":\"2025-06-12T15:30:39+00:00\",\"dateModified\":\"2026-02-10T09:02:06+00:00\",\"breadcrumb\":{\"@id\":\"https:\/\/stariatechnologies.com\/contacta\/#breadcrumb\"},\"inLanguage\":\"fr-FR\",\"potentialAction\":[{\"@type\":\"ReadAction\",\"target\":[\"https:\/\/stariatechnologies.com\/contacta\/\"]}]},{\"@type\":\"BreadcrumbList\",\"@id\":\"https:\/\/stariatechnologies.com\/contacta\/#breadcrumb\",\"itemListElement\":[{\"@type\":\"ListItem\",\"position\":1,\"name\":\"Portada\",\"item\":\"https:\/\/stariatechnologies.com\/\"},{\"@type\":\"ListItem\",\"position\":2,\"name\":\"Contacta con nosotros\"}]},{\"@type\":\"WebSite\",\"@id\":\"https:\/\/stariatechnologies.com\/#website\",\"url\":\"https:\/\/stariatechnologies.com\/\",\"name\":\"Staria Technologies\",\"description\":\"Alumbrando el mundo de manera sostenible\",\"publisher\":{\"@id\":\"https:\/\/stariatechnologies.com\/#organization\"},\"potentialAction\":[{\"@type\":\"SearchAction\",\"target\":{\"@type\":\"EntryPoint\",\"urlTemplate\":\"https:\/\/stariatechnologies.com\/?s={search_term_string}\"},\"query-input\":{\"@type\":\"PropertyValueSpecification\",\"valueRequired\":true,\"valueName\":\"search_term_string\"}}],\"inLanguage\":\"fr-FR\"},{\"@type\":\"Organization\",\"@id\":\"https:\/\/stariatechnologies.com\/#organization\",\"name\":\"Staria Technologies\",\"url\":\"https:\/\/stariatechnologies.com\/\",\"logo\":{\"@type\":\"ImageObject\",\"inLanguage\":\"fr-FR\",\"@id\":\"https:\/\/stariatechnologies.com\/#\/schema\/logo\/image\/\",\"url\":\"https:\/\/stariatechnologies.com\/wp-content\/uploads\/2024\/03\/Logo-.png\",\"contentUrl\":\"https:\/\/stariatechnologies.com\/wp-content\/uploads\/2024\/03\/Logo-.png\",\"width\":368,\"height\":185,\"caption\":\"Staria Technologies\"},\"image\":{\"@id\":\"https:\/\/stariatechnologies.com\/#\/schema\/logo\/image\/\"},\"sameAs\":[\"https:\/\/www.youtube.com\/@stariatechnologies8193\",\"https:\/\/www.linkedin.com\/company\/stariatechnologies\/\"]}]}<\/script>\n<!-- \/ Yoast SEO plugin. -->","yoast_head_json":{"title":"Nous contacter - Staria","robots":{"index":"index","follow":"follow","max-snippet":"max-snippet:-1","max-image-preview":"max-image-preview:large","max-video-preview":"max-video-preview:-1"},"canonical":"https:\/\/stariatechnologies.com\/fr\/contact\/","og_locale":"fr_FR","og_type":"article","og_title":"Contacta con nosotros - Staria","og_description":"CONTACTA CON NOSOTROS Cu\u00e9ntanos tus necesidades y nuestro equipo te contactar\u00e1 en breve. En Staria Technologies te acompa\u00f1amos en cada.. Read more","og_url":"https:\/\/stariatechnologies.com\/fr\/contact\/","og_site_name":"Staria","article_modified_time":"2026-02-10T09:02:06+00:00","twitter_card":"summary_large_image","twitter_misc":{"Dur\u00e9e de lecture estim\u00e9e":"1 minute"},"schema":{"@context":"https:\/\/schema.org","@graph":[{"@type":"WebPage","@id":"https:\/\/stariatechnologies.com\/contacta\/","url":"https:\/\/stariatechnologies.com\/contacta\/","name":"Nous contacter - Staria","isPartOf":{"@id":"https:\/\/stariatechnologies.com\/#website"},"datePublished":"2025-06-12T15:30:39+00:00","dateModified":"2026-02-10T09:02:06+00:00","breadcrumb":{"@id":"https:\/\/stariatechnologies.com\/contacta\/#breadcrumb"},"inLanguage":"fr-FR","potentialAction":[{"@type":"ReadAction","target":["https:\/\/stariatechnologies.com\/contacta\/"]}]},{"@type":"BreadcrumbList","@id":"https:\/\/stariatechnologies.com\/contacta\/#breadcrumb","itemListElement":[{"@type":"ListItem","position":1,"name":"Portada","item":"https:\/\/stariatechnologies.com\/"},{"@type":"ListItem","position":2,"name":"Contacta con nosotros"}]},{"@type":"WebSite","@id":"https:\/\/stariatechnologies.com\/#website","url":"https:\/\/stariatechnologies.com\/","name":"Staria Technologies","description":"\u00c9clairer le monde de mani\u00e8re durable","publisher":{"@id":"https:\/\/stariatechnologies.com\/#organization"},"potentialAction":[{"@type":"SearchAction","target":{"@type":"EntryPoint","urlTemplate":"https:\/\/stariatechnologies.com\/?s={search_term_string}"},"query-input":{"@type":"PropertyValueSpecification","valueRequired":true,"valueName":"search_term_string"}}],"inLanguage":"fr-FR"},{"@type":"Organization","@id":"https:\/\/stariatechnologies.com\/#organization","name":"Staria Technologies","url":"https:\/\/stariatechnologies.com\/","logo":{"@type":"ImageObject","inLanguage":"fr-FR","@id":"https:\/\/stariatechnologies.com\/#\/schema\/logo\/image\/","url":"https:\/\/stariatechnologies.com\/wp-content\/uploads\/2024\/03\/Logo-.png","contentUrl":"https:\/\/stariatechnologies.com\/wp-content\/uploads\/2024\/03\/Logo-.png","width":368,"height":185,"caption":"Staria Technologies"},"image":{"@id":"https:\/\/stariatechnologies.com\/#\/schema\/logo\/image\/"},"sameAs":["https:\/\/www.youtube.com\/@stariatechnologies8193","https:\/\/www.linkedin.com\/company\/stariatechnologies\/"]}]}},"_links":{"self":[{"href":"https:\/\/stariatechnologies.com\/fr\/wp-json\/wp\/v2\/pages\/4592","targetHints":{"allow":["GET"]}}],"collection":[{"href":"https:\/\/stariatechnologies.com\/fr\/wp-json\/wp\/v2\/pages"}],"about":[{"href":"https:\/\/stariatechnologies.com\/fr\/wp-json\/wp\/v2\/types\/page"}],"author":[{"embeddable":true,"href":"https:\/\/stariatechnologies.com\/fr\/wp-json\/wp\/v2\/users\/2"}],"replies":[{"embeddable":true,"href":"https:\/\/stariatechnologies.com\/fr\/wp-json\/wp\/v2\/comments?post=4592"}],"version-history":[{"count":8,"href":"https:\/\/stariatechnologies.com\/fr\/wp-json\/wp\/v2\/pages\/4592\/revisions"}],"predecessor-version":[{"id":7403,"href":"https:\/\/stariatechnologies.com\/fr\/wp-json\/wp\/v2\/pages\/4592\/revisions\/7403"}],"wp:attachment":[{"href":"https:\/\/stariatechnologies.com\/fr\/wp-json\/wp\/v2\/media?parent=4592"}],"curies":[{"name":"wp","href":"https:\/\/api.w.org\/{rel}","templated":true}]}}